{"id":513,"date":"2025-04-28T23:08:11","date_gmt":"2025-04-28T15:08:11","guid":{"rendered":"https:\/\/www.packaging-man.com\/?page_id=513"},"modified":"2025-09-24T20:56:37","modified_gmt":"2025-09-24T12:56:37","slug":"verpackungsdienstleistungen","status":"publish","type":"page","link":"https:\/\/www.packaging-man.com\/de\/verpackungsdienstleistungen\/","title":{"rendered":"Verpackungsdienstleistungen"},"content":{"rendered":"<div data-elementor-type=\"wp-page\" data-elementor-id=\"513\" class=\"elementor elementor-513\" data-elementor-post-type=\"page\">\n\t\t\t\t<div class=\"elementor-element elementor-element-79e231e e-flex e-con-boxed e-con e-parent\" data-id=\"79e231e\" data-element_type=\"container\">\n\t\t\t\t\t<div class=\"e-con-inner\">\n\t\t<div class=\"elementor-element elementor-element-13cfc84 e-con-full e-flex e-con e-child\" data-id=\"13cfc84\" data-element_type=\"container\">\n\t\t<div class=\"elementor-element elementor-element-5cb8646 e-con-full e-flex e-con e-child\" data-id=\"5cb8646\" data-element_type=\"container\">\n\t\t<div class=\"elementor-element elementor-element-18bd4ca e-con-full e-flex e-con e-child\" data-id=\"18bd4ca\" data-element_type=\"container\">\n\t\t\t\t<div class=\"elementor-element elementor-element-d08d3d2 elementor-widget elementor-widget-heading\" data-id=\"d08d3d2\" data-element_type=\"widget\" data-widget_type=\"heading.default\">\n\t\t\t\t<div class=\"elementor-widget-container\">\n\t\t\t\t\t<h1 class=\"elementor-heading-title elementor-size-default\">Verpackungsdienstleistungen<\/h1>\t\t\t\t<\/div>\n\t\t\t\t<\/div>\n\t\t\t\t<\/div>\n\t\t<div class=\"elementor-element elementor-element-fe25e86 e-con-full e-flex e-con e-child\" data-id=\"fe25e86\" data-element_type=\"container\">\n\t\t\t\t<div class=\"elementor-element elementor-element-71bd3eb elementor-widget elementor-widget-text-editor\" data-id=\"71bd3eb\" data-element_type=\"widget\" data-widget_type=\"text-editor.default\">\n\t\t\t\t<div class=\"elementor-widget-container\">\n\t\t\t\t\t\t\t\t\t<p>Verbessern Sie Ihre betriebliche Effizienz, optimieren Sie Ihre Kosten und Ihr Markenengagement mit speziellen Dienstleistungen, die f\u00fcr Unternehmen jeder Gr\u00f6\u00dfe einfach und leicht zu handhaben sind.<\/p>\t\t\t\t\t\t\t\t<\/div>\n\t\t\t\t<\/div>\n\t\t\t\t<\/div>\n\t\t\t\t<\/div>\n\t\t<div class=\"elementor-element elementor-element-0aafb70 e-con-full e-flex e-con e-child\" data-id=\"0aafb70\" data-element_type=\"container\">\n\t\t<div class=\"elementor-element elementor-element-aebe57a e-con-full e-flex e-con e-child\" data-id=\"aebe57a\" data-element_type=\"container\">\n\t\t\t\t<div class=\"elementor-element elementor-element-19fd5d7 elementor-widget elementor-widget-image\" data-id=\"19fd5d7\" data-element_type=\"widget\" data-widget_type=\"image.default\">\n\t\t\t\t<div class=\"elementor-widget-container\">\n\t\t\t\t\t\t\t\t\t\t\t\t\t\t\t<img fetchpriority=\"high\" decoding=\"async\" width=\"1608\" height=\"601\" src=\"https:\/\/www.packaging-man.com\/wp-content\/uploads\/2025\/05\/services-banner.png\" class=\"attachment-full size-full wp-image-1238\" alt=\"\" srcset=\"https:\/\/www.packaging-man.com\/wp-content\/uploads\/2025\/05\/services-banner.png 1608w, https:\/\/www.packaging-man.com\/wp-content\/uploads\/2025\/05\/services-banner-300x112.png 300w, https:\/\/www.packaging-man.com\/wp-content\/uploads\/2025\/05\/services-banner-1024x383.png 1024w, https:\/\/www.packaging-man.com\/wp-content\/uploads\/2025\/05\/services-banner-768x287.png 768w, https:\/\/www.packaging-man.com\/wp-content\/uploads\/2025\/05\/services-banner-1536x574.png 1536w\" sizes=\"(max-width: 1608px) 100vw, 1608px\" \/>\t\t\t\t\t\t\t\t\t\t\t\t\t\t\t<\/div>\n\t\t\t\t<\/div>\n\t\t\t\t<\/div>\n\t\t\t\t<\/div>\n\t\t\t\t<\/div>\n\t\t\t\t\t<\/div>\n\t\t\t\t<\/div>\n\t\t<div class=\"elementor-element elementor-element-a6166a1 e-grid e-con-boxed e-con e-parent\" data-id=\"a6166a1\" data-element_type=\"container\">\n\t\t\t\t\t<div class=\"e-con-inner\">\n\t\t\t\t<div class=\"elementor-element elementor-element-b4c7f19 elementor-widget elementor-widget-heading\" data-id=\"b4c7f19\" data-element_type=\"widget\" data-widget_type=\"heading.default\">\n\t\t\t\t<div class=\"elementor-widget-container\">\n\t\t\t\t\t<p class=\"elementor-heading-title elementor-size-default\">RATIONELLER VERPACKUNGSDIENST<\/p>\t\t\t\t<\/div>\n\t\t\t\t<\/div>\n\t\t\t\t<div class=\"elementor-element elementor-element-1531c6a elementor-widget elementor-widget-heading\" data-id=\"1531c6a\" data-element_type=\"widget\" data-widget_type=\"heading.default\">\n\t\t\t\t<div class=\"elementor-widget-container\">\n\t\t\t\t\t<h2 class=\"elementor-heading-title elementor-size-default\">360 Verpackungen Abdeckung<\/h2>\t\t\t\t<\/div>\n\t\t\t\t<\/div>\n\t\t\t\t<div class=\"elementor-element elementor-element-7d10791 elementor-widget elementor-widget-heading\" data-id=\"7d10791\" data-element_type=\"widget\" data-widget_type=\"heading.default\">\n\t\t\t\t<div class=\"elementor-widget-container\">\n\t\t\t\t\t<h6 class=\"elementor-heading-title elementor-size-default\">Mit unserem Verpackungsservice m\u00f6chten wir unseren Kunden einen Rundum-Service bieten, der Ihre individuelle Verpackung von der Idee bis zur Realit\u00e4t ohne Probleme umsetzt. Unser Ziel ist es, Ihr Kerngesch\u00e4ft zu verbessern und Ihre Kunden mit Ihren neuen und verbesserten Verpackungen zufrieden zu stellen.<\/h6>\t\t\t\t<\/div>\n\t\t\t\t<\/div>\n\t\t\t\t\t<\/div>\n\t\t\t\t<\/div>\n\t\t<div class=\"elementor-element elementor-element-817f530 e-flex e-con-boxed e-con e-parent\" data-id=\"817f530\" data-element_type=\"container\">\n\t\t\t\t\t<div class=\"e-con-inner\">\n\t\t<div class=\"elementor-element elementor-element-d880e8d e-con-full e-flex e-con e-child\" data-id=\"d880e8d\" data-element_type=\"container\" data-settings=\"{&quot;background_background&quot;:&quot;classic&quot;}\">\n\t\t\t\t<div class=\"elementor-element elementor-element-1f3d632 elementor-widget elementor-widget-heading\" data-id=\"1f3d632\" data-element_type=\"widget\" data-widget_type=\"heading.default\">\n\t\t\t\t<div class=\"elementor-widget-container\">\n\t\t\t\t\t<h3 class=\"elementor-heading-title elementor-size-default\">Vollst\u00e4ndige Verwaltung<\/h3>\t\t\t\t<\/div>\n\t\t\t\t<\/div>\n\t\t\t\t<div class=\"elementor-element elementor-element-535b67b elementor-widget elementor-widget-text-editor\" data-id=\"535b67b\" data-element_type=\"widget\" data-widget_type=\"text-editor.default\">\n\t\t\t\t<div class=\"elementor-widget-container\">\n\t\t\t\t\t\t\t\t\t<p>Vollst\u00e4ndig verwaltete Abl\u00e4ufe, damit Sie Zeit f\u00fcr andere Aktivit\u00e4ten gewinnen.<\/p>\t\t\t\t\t\t\t\t<\/div>\n\t\t\t\t<\/div>\n\t\t\t\t<div class=\"elementor-element elementor-element-9b3be9f elementor-widget elementor-widget-image\" data-id=\"9b3be9f\" data-element_type=\"widget\" data-widget_type=\"image.default\">\n\t\t\t\t<div class=\"elementor-widget-container\">\n\t\t\t\t\t\t\t\t\t\t\t\t\t\t\t<img decoding=\"async\" src=\"https:\/\/www.packaging-man.com\/wp-content\/uploads\/elementor\/thumbs\/icon-headset-r62rttyki15l1d22j8xzajo2ojpvf6uxodaslojsvc.png\" title=\"Ikonen-Kopfh\u00f6rer\" alt=\"Ikonen-Kopfh\u00f6rer\" loading=\"lazy\" \/>\t\t\t\t\t\t\t\t\t\t\t\t\t\t\t<\/div>\n\t\t\t\t<\/div>\n\t\t\t\t<\/div>\n\t\t<div class=\"elementor-element elementor-element-96d3ad2 e-con-full e-flex e-con e-child\" data-id=\"96d3ad2\" data-element_type=\"container\" data-settings=\"{&quot;background_background&quot;:&quot;classic&quot;}\">\n\t\t\t\t<div class=\"elementor-element elementor-element-8d39029 elementor-widget elementor-widget-heading\" data-id=\"8d39029\" data-element_type=\"widget\" data-widget_type=\"heading.default\">\n\t\t\t\t<div class=\"elementor-widget-container\">\n\t\t\t\t\t<h3 class=\"elementor-heading-title elementor-size-default\">Kosten sparen<\/h3>\t\t\t\t<\/div>\n\t\t\t\t<\/div>\n\t\t\t\t<div class=\"elementor-element elementor-element-6470b4f elementor-widget elementor-widget-text-editor\" data-id=\"6470b4f\" data-element_type=\"widget\" data-widget_type=\"text-editor.default\">\n\t\t\t\t<div class=\"elementor-widget-container\">\n\t\t\t\t\t\t\t\t\t<p>Sparen Sie in mehreren Bereichen des Verpackungsprozesses Kosten ein.<\/p>\t\t\t\t\t\t\t\t<\/div>\n\t\t\t\t<\/div>\n\t\t\t\t<div class=\"elementor-element elementor-element-9719212 elementor-widget elementor-widget-image\" data-id=\"9719212\" data-element_type=\"widget\" data-widget_type=\"image.default\">\n\t\t\t\t<div class=\"elementor-widget-container\">\n\t\t\t\t\t\t\t\t\t\t\t\t\t\t\t<img decoding=\"async\" src=\"https:\/\/www.packaging-man.com\/wp-content\/uploads\/elementor\/thumbs\/icon-dollar-r62rtuweov6vcz0pdrclv1fj9xl8mvyo0hya2yiep4.png\" title=\"Ikonen-Dollar\" alt=\"Ikonen-Dollar\" loading=\"lazy\" \/>\t\t\t\t\t\t\t\t\t\t\t\t\t\t\t<\/div>\n\t\t\t\t<\/div>\n\t\t\t\t<\/div>\n\t\t<div class=\"elementor-element elementor-element-82135cd e-con-full e-flex e-con e-child\" data-id=\"82135cd\" data-element_type=\"container\" data-settings=\"{&quot;background_background&quot;:&quot;classic&quot;}\">\n\t\t\t\t<div class=\"elementor-element elementor-element-e2c1b60 elementor-widget elementor-widget-heading\" data-id=\"e2c1b60\" data-element_type=\"widget\" data-widget_type=\"heading.default\">\n\t\t\t\t<div class=\"elementor-widget-container\">\n\t\t\t\t\t<h3 class=\"elementor-heading-title elementor-size-default\">Gl\u00fccklichere Kunden<\/h3>\t\t\t\t<\/div>\n\t\t\t\t<\/div>\n\t\t\t\t<div class=\"elementor-element elementor-element-1890bcf elementor-widget elementor-widget-text-editor\" data-id=\"1890bcf\" data-element_type=\"widget\" data-widget_type=\"text-editor.default\">\n\t\t\t\t<div class=\"elementor-widget-container\">\n\t\t\t\t\t\t\t\t\t<p>Zufriedenere Kunden durch bessere Unboxing-Erlebnisse.<\/p>\t\t\t\t\t\t\t\t<\/div>\n\t\t\t\t<\/div>\n\t\t\t\t<div class=\"elementor-element elementor-element-0a71f15 elementor-widget elementor-widget-image\" data-id=\"0a71f15\" data-element_type=\"widget\" data-widget_type=\"image.default\">\n\t\t\t\t<div class=\"elementor-widget-container\">\n\t\t\t\t\t\t\t\t\t\t\t\t\t\t\t<img decoding=\"async\" src=\"https:\/\/www.packaging-man.com\/wp-content\/uploads\/elementor\/thumbs\/icon-thumb-up-r62rtvu8vp85okzc89r8fj6zvbglul2ecmlrk8h0iw.png\" title=\"icon-thumb-up\" alt=\"icon-thumb-up\" loading=\"lazy\" \/>\t\t\t\t\t\t\t\t\t\t\t\t\t\t\t<\/div>\n\t\t\t\t<\/div>\n\t\t\t\t<\/div>\n\t\t<div class=\"elementor-element elementor-element-928e9ed e-con-full e-flex e-con e-child\" data-id=\"928e9ed\" data-element_type=\"container\" data-settings=\"{&quot;background_background&quot;:&quot;classic&quot;}\">\n\t\t\t\t<div class=\"elementor-element elementor-element-0b13b90 elementor-widget elementor-widget-heading\" data-id=\"0b13b90\" data-element_type=\"widget\" data-widget_type=\"heading.default\">\n\t\t\t\t<div class=\"elementor-widget-container\">\n\t\t\t\t\t<h3 class=\"elementor-heading-title elementor-size-default\">Markenbekanntheit<\/h3>\t\t\t\t<\/div>\n\t\t\t\t<\/div>\n\t\t\t\t<div class=\"elementor-element elementor-element-fbdfacc elementor-widget elementor-widget-text-editor\" data-id=\"fbdfacc\" data-element_type=\"widget\" data-widget_type=\"text-editor.default\">\n\t\t\t\t<div class=\"elementor-widget-container\">\n\t\t\t\t\t\t\t\t\t<p>Bessere erste Eindr\u00fccke f\u00fcr einen l\u00e4ngeren Wiedererkennungswert.<\/p>\t\t\t\t\t\t\t\t<\/div>\n\t\t\t\t<\/div>\n\t\t\t\t<div class=\"elementor-element elementor-element-0392c65 elementor-widget elementor-widget-image\" data-id=\"0392c65\" data-element_type=\"widget\" data-widget_type=\"image.default\">\n\t\t\t\t<div class=\"elementor-widget-container\">\n\t\t\t\t\t\t\t\t\t\t\t\t\t\t\t<img decoding=\"async\" src=\"https:\/\/www.packaging-man.com\/wp-content\/uploads\/elementor\/thumbs\/icon-hailer-r62rtws32j9g06xz2s5v00yggpbz2a64or991ifmco.png\" title=\"Icon-Halterung\" alt=\"Icon-Halterung\" loading=\"lazy\" \/>\t\t\t\t\t\t\t\t\t\t\t\t\t\t\t<\/div>\n\t\t\t\t<\/div>\n\t\t\t\t<\/div>\n\t\t\t\t\t<\/div>\n\t\t\t\t<\/div>\n\t\t<div class=\"elementor-element elementor-element-93fd170 e-flex e-con-boxed e-con e-parent\" data-id=\"93fd170\" data-element_type=\"container\">\n\t\t\t\t\t<div class=\"e-con-inner\">\n\t\t<div class=\"elementor-element elementor-element-bda48bf e-con-full e-flex e-con e-child\" data-id=\"bda48bf\" data-element_type=\"container\">\n\t\t<div class=\"elementor-element elementor-element-1f93e06 e-con-full e-flex e-con e-child\" data-id=\"1f93e06\" data-element_type=\"container\">\n\t\t<div class=\"elementor-element elementor-element-b760b22 e-con-full e-flex e-con e-child\" data-id=\"b760b22\" data-element_type=\"container\">\n\t\t\t\t<div class=\"elementor-element elementor-element-b357f43 elementor-widget elementor-widget-image\" data-id=\"b357f43\" data-element_type=\"widget\" data-widget_type=\"image.default\">\n\t\t\t\t<div class=\"elementor-widget-container\">\n\t\t\t\t\t\t\t\t\t\t\t\t\t\t\t<img decoding=\"async\" width=\"1024\" height=\"676\" src=\"https:\/\/www.packaging-man.com\/wp-content\/uploads\/2025\/05\/services-img-01-1024x676.png\" class=\"attachment-large size-large wp-image-1204\" alt=\"\" srcset=\"https:\/\/www.packaging-man.com\/wp-content\/uploads\/2025\/05\/services-img-01-1024x676.png 1024w, https:\/\/www.packaging-man.com\/wp-content\/uploads\/2025\/05\/services-img-01-300x198.png 300w, https:\/\/www.packaging-man.com\/wp-content\/uploads\/2025\/05\/services-img-01-768x507.png 768w, https:\/\/www.packaging-man.com\/wp-content\/uploads\/2025\/05\/services-img-01-1536x1013.png 1536w, https:\/\/www.packaging-man.com\/wp-content\/uploads\/2025\/05\/services-img-01-2048x1351.png 2048w\" sizes=\"(max-width: 1024px) 100vw, 1024px\" \/>\t\t\t\t\t\t\t\t\t\t\t\t\t\t\t<\/div>\n\t\t\t\t<\/div>\n\t\t\t\t<\/div>\n\t\t<div class=\"elementor-element elementor-element-460c0a8 e-con-full e-flex e-con e-child\" data-id=\"460c0a8\" data-element_type=\"container\">\n\t\t\t\t<div class=\"elementor-element elementor-element-f70b3a0 elementor-widget elementor-widget-heading\" data-id=\"f70b3a0\" data-element_type=\"widget\" data-widget_type=\"heading.default\">\n\t\t\t\t<div class=\"elementor-widget-container\">\n\t\t\t\t\t<h2 class=\"elementor-heading-title elementor-size-default\">Strategisches Verpackungsdesign<\/h2>\t\t\t\t<\/div>\n\t\t\t\t<\/div>\n\t\t\t\t<div class=\"elementor-element elementor-element-88a7b07 elementor-widget elementor-widget-text-editor\" data-id=\"88a7b07\" data-element_type=\"widget\" data-widget_type=\"text-editor.default\">\n\t\t\t\t<div class=\"elementor-widget-container\">\n\t\t\t\t\t\t\t\t\t<p>Strategisch formulierte L\u00f6sungen, die Verpackungen auf Unternehmensniveau bieten. Sparen Sie Kosten und verbessern Sie den Wiedererkennungswert Ihrer Marke durch die Beratung durch unsere Verpackungsexperten.<\/p>\t\t\t\t\t\t\t\t<\/div>\n\t\t\t\t<\/div>\n\t\t\t\t<\/div>\n\t\t\t\t<\/div>\n\t\t<div class=\"elementor-element elementor-element-e832852 e-con-full e-flex e-con e-child\" data-id=\"e832852\" data-element_type=\"container\">\n\t\t<div class=\"elementor-element elementor-element-4ac4765 e-con-full e-flex e-con e-child\" data-id=\"4ac4765\" data-element_type=\"container\">\n\t\t\t\t<div class=\"elementor-element elementor-element-6b2eeb9 elementor-widget elementor-widget-heading\" data-id=\"6b2eeb9\" data-element_type=\"widget\" data-widget_type=\"heading.default\">\n\t\t\t\t<div class=\"elementor-widget-container\">\n\t\t\t\t\t<h2 class=\"elementor-heading-title elementor-size-default\">\nVerwaltete Fertigung<\/h2>\t\t\t\t<\/div>\n\t\t\t\t<\/div>\n\t\t\t\t<div class=\"elementor-element elementor-element-63bae08 elementor-widget elementor-widget-text-editor\" data-id=\"63bae08\" data-element_type=\"widget\" data-widget_type=\"text-editor.default\">\n\t\t\t\t<div class=\"elementor-widget-container\">\n\t\t\t\t\t\t\t\t\t<p>Wir \u00fcbernehmen das komplette Management Ihrer Produktion f\u00fcr eine effiziente Fertigung, strenge Qualit\u00e4tskontrolle und strategische Beschaffung, um Ihnen wettbewerbsf\u00e4hige Preise zu bieten und so Kosten zu sparen.<\/p>\t\t\t\t\t\t\t\t<\/div>\n\t\t\t\t<\/div>\n\t\t\t\t<\/div>\n\t\t<div class=\"elementor-element elementor-element-0bf0260 e-con-full e-flex e-con e-child\" data-id=\"0bf0260\" data-element_type=\"container\">\n\t\t\t\t<div class=\"elementor-element elementor-element-90ed9bf elementor-widget elementor-widget-image\" data-id=\"90ed9bf\" data-element_type=\"widget\" data-widget_type=\"image.default\">\n\t\t\t\t<div class=\"elementor-widget-container\">\n\t\t\t\t\t\t\t\t\t\t\t\t\t\t\t<img decoding=\"async\" width=\"1024\" height=\"676\" src=\"https:\/\/www.packaging-man.com\/wp-content\/uploads\/2025\/05\/services-img-02-1024x676.png\" class=\"attachment-large size-large wp-image-1209\" alt=\"\" srcset=\"https:\/\/www.packaging-man.com\/wp-content\/uploads\/2025\/05\/services-img-02-1024x676.png 1024w, https:\/\/www.packaging-man.com\/wp-content\/uploads\/2025\/05\/services-img-02-300x198.png 300w, https:\/\/www.packaging-man.com\/wp-content\/uploads\/2025\/05\/services-img-02-768x507.png 768w, https:\/\/www.packaging-man.com\/wp-content\/uploads\/2025\/05\/services-img-02-1536x1013.png 1536w, https:\/\/www.packaging-man.com\/wp-content\/uploads\/2025\/05\/services-img-02-2048x1351.png 2048w\" sizes=\"(max-width: 1024px) 100vw, 1024px\" \/>\t\t\t\t\t\t\t\t\t\t\t\t\t\t\t<\/div>\n\t\t\t\t<\/div>\n\t\t\t\t<\/div>\n\t\t\t\t<\/div>\n\t\t<div class=\"elementor-element elementor-element-a9dbd46 e-con-full e-flex e-con e-child\" data-id=\"a9dbd46\" data-element_type=\"container\">\n\t\t<div class=\"elementor-element elementor-element-e82aada e-con-full e-flex e-con e-child\" data-id=\"e82aada\" data-element_type=\"container\">\n\t\t\t\t<div class=\"elementor-element elementor-element-e49e574 elementor-widget elementor-widget-image\" data-id=\"e49e574\" data-element_type=\"widget\" data-widget_type=\"image.default\">\n\t\t\t\t<div class=\"elementor-widget-container\">\n\t\t\t\t\t\t\t\t\t\t\t\t\t\t\t<img loading=\"lazy\" decoding=\"async\" width=\"1024\" height=\"773\" src=\"https:\/\/www.packaging-man.com\/wp-content\/uploads\/2025\/05\/services-img-03-1024x773.png\" class=\"attachment-large size-large wp-image-1210\" alt=\"\" srcset=\"https:\/\/www.packaging-man.com\/wp-content\/uploads\/2025\/05\/services-img-03-1024x773.png 1024w, https:\/\/www.packaging-man.com\/wp-content\/uploads\/2025\/05\/services-img-03-300x227.png 300w, https:\/\/www.packaging-man.com\/wp-content\/uploads\/2025\/05\/services-img-03-768x580.png 768w, https:\/\/www.packaging-man.com\/wp-content\/uploads\/2025\/05\/services-img-03-1536x1160.png 1536w, https:\/\/www.packaging-man.com\/wp-content\/uploads\/2025\/05\/services-img-03-2048x1546.png 2048w\" sizes=\"(max-width: 1024px) 100vw, 1024px\" \/>\t\t\t\t\t\t\t\t\t\t\t\t\t\t\t<\/div>\n\t\t\t\t<\/div>\n\t\t\t\t<\/div>\n\t\t<div class=\"elementor-element elementor-element-2e34e44 e-con-full e-flex e-con e-child\" data-id=\"2e34e44\" data-element_type=\"container\">\n\t\t\t\t<div class=\"elementor-element elementor-element-c1d8881 elementor-widget elementor-widget-heading\" data-id=\"c1d8881\" data-element_type=\"widget\" data-widget_type=\"heading.default\">\n\t\t\t\t<div class=\"elementor-widget-container\">\n\t\t\t\t\t<h2 class=\"elementor-heading-title elementor-size-default\">Problemlose Logistik<\/h2>\t\t\t\t<\/div>\n\t\t\t\t<\/div>\n\t\t\t\t<div class=\"elementor-element elementor-element-5310297 elementor-widget elementor-widget-text-editor\" data-id=\"5310297\" data-element_type=\"widget\" data-widget_type=\"text-editor.default\">\n\t\t\t\t<div class=\"elementor-widget-container\">\n\t\t\t\t\t\t\t\t\t<p>Wir identifizieren die besten Produktionsst\u00e4tten f\u00fcr effiziente logistische Praktiken f\u00fcr maximale Investitionen und bieten Lagerhaltung, End-to-End-Lieferung und Supply Chain Management<\/p>\t\t\t\t\t\t\t\t<\/div>\n\t\t\t\t<\/div>\n\t\t\t\t<\/div>\n\t\t\t\t<\/div>\n\t\t\t\t<\/div>\n\t\t\t\t\t<\/div>\n\t\t\t\t<\/div>\n\t\t\t\t<\/div>","protected":false},"excerpt":{"rendered":"<p>Verpackungsdienstleistungen Verbessern Sie Ihre betriebliche Effizienz, optimieren Sie Ihre Kosten und Ihr Markenengagement mit speziellen Dienstleistungen, die f\u00fcr Unternehmen jeder Gr\u00f6\u00dfe einfach und unkompliziert sind. STREAMLINED PACKAGING SERVICE 360 Packaging Coverage Unser Verpackungsservice bietet unseren Kunden einen Rundum-Service, der Ihre individuelle Verpackung von der Idee bis zur Realit\u00e4t begleitet [...]<\/p>","protected":false},"author":1,"featured_media":0,"parent":0,"menu_order":0,"comment_status":"closed","ping_status":"closed","template":"","meta":{"_uag_custom_page_level_css":"","site-sidebar-layout":"no-sidebar","site-content-layout":"page-builder","ast-site-content-layout":"default","site-content-style":"default","site-sidebar-style":"default","ast-global-header-display":"","ast-banner-title-visibility":"","ast-main-header-display":"","ast-hfb-above-header-display":"","ast-hfb-below-header-display":"","ast-hfb-mobile-header-display":"","site-post-title":"disabled","ast-breadcrumbs-content":"","ast-featured-img":"disabled","footer-sml-layout":"","theme-transparent-header-meta":"","adv-header-id-meta":"","stick-header-meta":"","header-above-stick-meta":"","header-main-stick-meta":"","header-below-stick-meta":"","astra-migrate-meta-layouts":"default","ast-page-background-enabled":"default","ast-page-background-meta":{"desktop":{"background-color":"var(--ast-global-color-4)","background-image":"","background-repeat":"repeat","background-position":"center center","background-size":"auto","background-attachment":"scroll","background-type":"","background-media":"","overlay-type":"","overlay-color":"","overlay-opacity":"","overlay-gradient":""},"tablet":{"background-color":"","background-image":"","background-repeat":"repeat","background-position":"center center","background-size":"auto","background-attachment":"scroll","background-type":"","background-media":"","overlay-type":"","overlay-color":"","overlay-opacity":"","overlay-gradient":""},"mobile":{"background-color":"","background-image":"","background-repeat":"repeat","background-position":"center center","background-size":"auto","background-attachment":"scroll","background-type":"","background-media":"","overlay-type":"","overlay-color":"","overlay-opacity":"","overlay-gradient":""}},"ast-content-background-meta":{"desktop":{"background-color":"var(--ast-global-color-5)","background-image":"","background-repeat":"repeat","background-position":"center center","background-size":"auto","background-attachment":"scroll","background-type":"","background-media":"","overlay-type":"","overlay-color":"","overlay-opacity":"","overlay-gradient":""},"tablet":{"background-color":"var(--ast-global-color-5)","background-image":"","background-repeat":"repeat","background-position":"center center","background-size":"auto","background-attachment":"scroll","background-type":"","background-media":"","overlay-type":"","overlay-color":"","overlay-opacity":"","overlay-gradient":""},"mobile":{"background-color":"var(--ast-global-color-5)","background-image":"","background-repeat":"repeat","background-position":"center center","background-size":"auto","background-attachment":"scroll","background-type":"","background-media":"","overlay-type":"","overlay-color":"","overlay-opacity":"","overlay-gradient":""}},"footnotes":""},"class_list":["post-513","page","type-page","status-publish","hentry"],"uagb_featured_image_src":{"full":false,"thumbnail":false,"medium":false,"medium_large":false,"large":false,"1536x1536":false,"2048x2048":false,"trp-custom-language-flag":false},"uagb_author_info":{"display_name":"admin","author_link":"https:\/\/www.packaging-man.com\/de\/author\/admin\/"},"uagb_comment_info":0,"uagb_excerpt":"Packaging Services Improve your operational efficiencies, optimize costs and brand engagements with dedicated services designed to be simple and easy for businesses of all sizes. STREAMLINED PACKAGING SERVICE 360 Packaging Coverage Our packaging service is to provide our customers with a full circle service coverage that will get your custom packaging from idea to reality&hellip;","_links":{"self":[{"href":"https:\/\/www.packaging-man.com\/de\/wp-json\/wp\/v2\/pages\/513","targetHints":{"allow":["GET"]}}],"collection":[{"href":"https:\/\/www.packaging-man.com\/de\/wp-json\/wp\/v2\/pages"}],"about":[{"href":"https:\/\/www.packaging-man.com\/de\/wp-json\/wp\/v2\/types\/page"}],"author":[{"embeddable":true,"href":"https:\/\/www.packaging-man.com\/de\/wp-json\/wp\/v2\/users\/1"}],"replies":[{"embeddable":true,"href":"https:\/\/www.packaging-man.com\/de\/wp-json\/wp\/v2\/comments?post=513"}],"version-history":[{"count":0,"href":"https:\/\/www.packaging-man.com\/de\/wp-json\/wp\/v2\/pages\/513\/revisions"}],"wp:attachment":[{"href":"https:\/\/www.packaging-man.com\/de\/wp-json\/wp\/v2\/media?parent=513"}],"curies":[{"name":"wp","href":"https:\/\/api.w.org\/{rel}","templated":true}]}}